{"id":113,"date":"2023-10-29T16:01:18","date_gmt":"2023-10-29T16:01:18","guid":{"rendered":"https:\/\/vt-krammel.de\/?page_id=113"},"modified":"2023-10-30T17:43:24","modified_gmt":"2023-10-30T17:43:24","slug":"datenschutzerklaerung","status":"publish","type":"page","link":"https:\/\/vt-krammel.de\/?page_id=113","title":{"rendered":"Datenschutzerkl\u00e4rung"},"content":{"rendered":"<p><strong>INFORMATION \u00dcBER DIE ERHEBUNG PERSONENBEZOGENER DATEN<\/strong><\/p>\n<p>(1) Im Folgenden informieren wir \u00fcber die Erhebung personenbezogener Daten bei Nutzung unserer Website. Personenbezogene Daten sind alle Daten, die auf Sie pers\u00f6nlich beziehbar sind, z. B. Name, Adresse, E-Mail-Adressen, Nutzerverhalten.<\/p>\n<p>(2) Verantwortlicher gem. Art. 4 Abs. 7 EU-Datenschutz-Grundverordnung (DS-GVO) ist, Christoph Krammel, Seidlweg 5, 93333 Neustadt an der Donau, E-Mail:\u00a0<a href=\"mailto:vt-krammel@gmx.de\">vt-krammel@gmx.de<\/a>.<\/p>\n<p>(3) Bei Ihrer Kontaktaufnahme mit uns per E-Mail oder \u00fcber ein Kontaktformular werden die von Ihnen mitgeteilten Daten (Ihre E-Mail-Adresse, ggf. Ihr Name und Ihre Telefonnummer) von uns gespeichert, um Ihre Fragen zu beantworten. Die in diesem Zusammenhang anfallenden Daten l\u00f6schen wir, nachdem die Speicherung nicht mehr erforderlich ist, oder schr\u00e4nken die Verarbeitung ein, falls gesetzliche Aufbewahrungspflichten bestehen.<\/p>\n<p>(4) Falls wir f\u00fcr einzelne Funktionen unseres Angebots auf beauftragte Dienstleister zur\u00fcckgreifen oder Ihre Daten f\u00fcr werbliche Zwecke nutzen m\u00f6chten, werden wir Sie untenstehend im Detail \u00fcber die jeweiligen Vorg\u00e4nge informieren. Dabei nennen wir auch die festgelegten Kriterien der Speicherdauer.<\/p>\n<p><strong>IHRE RECHTE<\/strong><\/p>\n<p>(1) Sie haben gegen\u00fcber uns folgende Rechte hinsichtlich der Sie betreffenden personenbezogenen Daten:<br \/>\n\u2013 Recht auf Auskunft,<br \/>\n\u2013 Recht auf Berichtigung oder L\u00f6schung,<br \/>\n\u2013 Recht auf Einschr\u00e4nkung der Verarbeitung,<br \/>\n\u2013 Recht auf Widerspruch gegen die Verarbeitung,<br \/>\n\u2013 Recht auf Daten\u00fcbertragbarkeit.<\/p>\n<p>(2) Sie haben zudem das Recht, sich bei einer Datenschutz-Aufsichtsbeh\u00f6rde \u00fcber die Verarbeitung Ihrer personenbezogenen Daten durch uns zu beschweren.<\/p>\n<p><strong>ERHEBUNG PERSONENBEZOGENER DATEN BEI BESUCH UNSERER WEBSITE<\/strong><\/p>\n<p>(1) Bei der blo\u00df informatorischen Nutzung der Website, also wenn Sie uns nicht anderweitig Informationen \u00fcbermitteln, erheben wir nur die personenbezogenen Daten, die Ihr Browser an unseren Server \u00fcbermittelt. Wenn Sie unsere Website betrachten m\u00f6chten, erheben wir die folgenden Daten, die f\u00fcr uns technisch erforderlich sind, um Ihnen unsere Website anzuzeigen und die Stabilit\u00e4t und Sicherheit zu gew\u00e4hrleisten (Rechtsgrundlage ist Art. 6 Abs. 1 S. 1 lit. f DS-GVO):<br \/>\n\u2013 IP-Adresse<br \/>\n\u2013 Datum und Uhrzeit der Anfrage<br \/>\n\u2013 Zeitzonendifferenz zur Greenwich Mean Time (GMT)<br \/>\n\u2013 Inhalt der Anforderung (konkrete Seite)<br \/>\n\u2013 Zugriffsstatus\/HTTP-Statuscode<br \/>\n\u2013 jeweils \u00fcbertragene Datenmenge<br \/>\n\u2013 Website, von der die Anforderung kommt<br \/>\n\u2013 Browser<br \/>\n\u2013 Betriebssystem und dessen Oberfl\u00e4che<br \/>\n\u2013 Sprache und Version der Browsersoftware.<\/p>\n<p>(2) Zus\u00e4tzlich zu den zuvor genannten Daten k\u00f6nnen bei Ihrer Nutzung unserer Website \u2013 bereits jetzt oder in Zukunft \u2013 Cookies auf Ihrem Rechner gespeichert werden. Bei Cookies handelt es sich um kleine Textdateien, die auf Ihrer Festplatte dem von Ihnen verwendeten Browser zugeordnet gespeichert werden und durch welche der Stelle, die den Cookie setzt (hier durch uns), bestimmte Informationen zuflie\u00dfen. Cookies k\u00f6nnen keine Programme ausf\u00fchren oder Viren auf Ihren Computer \u00fcbertragen. Sie dienen dazu, das Internetangebot insgesamt nutzerfreundlicher und effektiver zu machen (Rechtsgrundlage ist Art. 6 Abs. 1 S. 1 lit. a DS-GVO). Grunds\u00e4tzlich k\u00f6nnen Sie Cookies \u00fcber die Einstellungen in Ihrem Browser jederzeit l\u00f6schen oder von vornherein blocken.<\/p>\n<p>Zudem verwenden wir auch sogenannte Local Storage sowie Session Storage Technik (auch \u201eLokale Daten\u201c und \u201eLokaler Speicher\u201c sowie \u201eSitzungsspeicher\u201c genannt). Bei Local Storage werden Daten lokal im Cache Ihres Browsers gespeichert, die auch nach dem Schlie\u00dfen des Browser-Fensters oder dem Beenden des Programms weiterhin bestehen und ausgelesen werden k\u00f6nnen, falls Sie den Cache nicht aktiv l\u00f6schen. Local Storage erm\u00f6glicht es, dass Ihre Pr\u00e4ferenzen bei der Nutzung unserer Websites auf Ihrem Rechner gespeichert und von Ihnen genutzt werden k\u00f6nnen. Die Funktion von Session Storage entspricht inhaltlich dem beschriebenen Local Storage, nur dass die entsprechenden Daten unmittelbar nach Schlie\u00dfen des Browser (\u201eSitzung\u201c) aus dem Cache Ihres Browsers automatisch entfernt werden.<\/p>\n<p>Auf die im Local Storage sowie im Session Storage gespeicherten Daten k\u00f6nnen Dritte nicht zugreifen. Sie werden an Dritte nicht weitergegeben und auch nicht zu Werbezwecken verwendet. Insbesondere wird diese Technik dazu eingesetzt, um Ihnen unsere Inhalte in einer ansprechenden grafischen Darstellung pr\u00e4sentieren zu k\u00f6nnen (z.B. PopUps-Fenster u.\u00e4.) sowie unser Angebot und die Navigation auf unseren Seiten f\u00fcr Sie zu personalisieren. LocalStorage-Inhalte verwalten Sie im Browser \u00fcber die Einstellungen zur \u201eChronik\u201c bzw. zu \u201eLokalen Daten\u201c, je nachdem welchen Browser Sie verwenden. Sollten Sie die beschriebenen Funktionen entpsrechend einschr\u00e4nken, kann ggf. zu Funktionseinschr\u00e4nkungen kommen<\/p>\n<p>(3) Grunds\u00e4tzlich nutzen wir die oben beschriebenen Techniken ausschlie\u00dflich zur Verbesserung der Anwenderfreundlichkeit und Funktionalit\u00e4t unserer Websites. Wir verwenden diese Techniken im berechtigten Interesse um ihnen ein attraktives voll funktionsf\u00e4higes Angebot machen zu k\u00f6nnen auf Basis von Artikel 6 Abs 1 lit. f DSGVO. Sollte dar\u00fcber hinaus eine Einwilligung zur Nutzung von Cookies erforderlich sein, werden wir Sie an gegebener Stelle zur Abgabe Ihrer Einwilligung auffordern. Im Falle der Nutzung von Cookies aufgrund Ihrer Einwilligung ist Rechtsgrundalge Art. 6 Abs. 1 S. 1 lit. a DS-GVO. Wenn Sie nicht w\u00fcnschen, dass oben beschriebenen Techniken eingesetzt werden, dann k\u00f6nnen Sie das in den Einstellungen Ihres jeweiligen Browsers individuelle einstellen. Dort finden Sie ggf. auch eine Liste mit den verwendeten Cookies, falls tats\u00e4chlich eingesetzt.<\/p>\n<p><strong>WEITERE FUNKTIONEN UND ANGEBOTE UNSERER WEBSITE<\/strong><\/p>\n<p>(1) Neben der rein informatorischen Nutzung unserer Website k\u00f6nnen wir verschiedene Leistungen anbieten, die Sie bei Interesse nutzen k\u00f6nnen. Dazu m\u00fcssen Sie in der Regel weitere personenbezogene Daten angeben, die wir zur Erbringung der jeweiligen Leistung nutzen und f\u00fcr die die zuvor genannten Grunds\u00e4tze zur Datenverarbeitung gelten.<\/p>\n<p>(2) Teilweise bedienen wir uns zur Verarbeitung Ihrer Daten externer Dienstleister. Diese wurden von uns sorgf\u00e4ltig ausgew\u00e4hlt und beauftragt, sind an unsere Weisungen gebunden und werden regelm\u00e4\u00dfig kontrolliert.<\/p>\n<p>(3) Weiterhin k\u00f6nnen wir Ihre personenbezogenen Daten an Dritte weitergeben, wenn Aktionsteilnahmen, Gewinnspiele, Vertragsabschl\u00fcsse oder \u00e4hnliche Leistungen von uns gemeinsam mit Partnern angeboten werden. N\u00e4here Informationen hierzu erhalten Sie bei Angabe Ihrer personenbezogenen Daten oder untenstehend in der Beschreibung des Angebotes.<\/p>\n<p>(4) Soweit unsere Dienstleister oder Partner ihren Sitz in einem Staat au\u00dferhalb des Europ\u00e4ischen Wirtschaftsraumen (EWR) haben, informieren wir Sie \u00fcber die Folgen dieses Umstands in der Beschreibung des Angebotes.<\/p>\n<p><strong>WIDERSPRUCH ODER WIDERRUF GEGEN DIE VERARBEITUNG IHRER DATEN<\/strong><\/p>\n<p>(1) Falls Sie eine Einwilligung zur Verarbeitung Ihrer Daten erteilt haben, k\u00f6nnen Sie diese jederzeit widerrufen. Ein solcher Widerruf beeinflusst die Zul\u00e4ssigkeit der Verarbeitung Ihrer personenbezogenen Daten, nachdem Sie ihn gegen\u00fcber uns ausgesprochen haben.<\/p>\n<p>(2) Soweit wir die Verarbeitung Ihrer personenbezogenen Daten auf die Interessenabw\u00e4gung st\u00fctzen, k\u00f6nnen Sie Widerspruch gegen die Verarbeitung einlegen. Dies ist der Fall, wenn die Verarbeitung insbesondere nicht zur Erf\u00fcllung eines Vertrags mit Ihnen erforderlich ist, was von uns jeweils bei der nachfolgenden Beschreibung der Funktionen dargestellt wird. Bei Aus\u00fcbung eines solchen Widerspruchs bitten wir um Darlegung der Gr\u00fcnde, weshalb wir Ihre personenbezogenen Daten nicht wie von uns durchgef\u00fchrt verarbeiten sollten. Im Falle Ihres begr\u00fcndeten Widerspruchs pr\u00fcfen wir die Sachlage und werden entweder die Datenverarbeitung einstellen bzw. anpassen oder Ihnen unsere zwingenden schutzw\u00fcrdigen Gr\u00fcnde aufzeigen, aufgrund derer wir die Verarbeitung fortf\u00fchren.<\/p>\n<p>(3) Selbstverst\u00e4ndlich k\u00f6nnen Sie der Verarbeitung Ihrer personenbezogenen Daten f\u00fcr Zwecke der Werbung und Datenanalyse jederzeit widersprechen. \u00dcber Ihren Werbewiderspruch k\u00f6nnen Sie uns unter folgenden Kontaktdaten informieren: Christoph Krammel, Seidlweg 5, 93333 Neustadt an der Donau, E-Mail:\u00a0<a href=\"mailto:vt-krammel@gmx.de\">vt-krammel@gmx.de<\/a>.<\/p>\n<p><strong>DAUER DER SPEICHERUNG VON PERSONENBEZOGENEN DATEN<\/strong><\/p>\n<p>Wir speichern personenbezogene Daten entsprechend der gesetzlichen Aufbewahrungsfristen (z.B. handels- und steuerrechtliche Aufbewahrungsfristen). Anschlie\u00dfend werden die jeweiligen Daten gel\u00f6scht, sofern sie nicht zur Vertragserf\u00fcllung erforderlich sind und\/oder kein berechtigtes Interesse an der Speicherung besteht.<\/p>\n","protected":false},"excerpt":{"rendered":"<p>INFORMATION \u00dcBER DIE ERHEBUNG PERSONENBEZOGENER DATEN (1) Im Folgenden informieren wir \u00fcber die Erhebung personenbezogener Daten bei Nutzung unserer Website. Personenbezogene Daten sind alle Daten, die auf Sie pers\u00f6nlich beziehbar sind, z. B. Name, Adresse, E-Mail-Adressen, Nutzerverhalten. (2) Verantwortlicher gem. Art. 4 Abs. 7 EU-Datenschutz-Grundverordnung (DS-GVO) ist, Christoph Krammel, Seidlweg 5, 93333 Neustadt an der [&hellip;]<\/p>\n","protected":false},"author":1,"featured_media":0,"parent":5,"menu_order":3,"comment_status":"closed","ping_status":"closed","template":"","meta":{"footnotes":""},"_links":{"self":[{"href":"https:\/\/vt-krammel.de\/index.php?rest_route=\/wp\/v2\/pages\/113"}],"collection":[{"href":"https:\/\/vt-krammel.de\/index.php?rest_route=\/wp\/v2\/pages"}],"about":[{"href":"https:\/\/vt-krammel.de\/index.php?rest_route=\/wp\/v2\/types\/page"}],"author":[{"embeddable":true,"href":"https:\/\/vt-krammel.de\/index.php?rest_route=\/wp\/v2\/users\/1"}],"replies":[{"embeddable":true,"href":"https:\/\/vt-krammel.de\/index.php?rest_route=%2Fwp%2Fv2%2Fcomments&post=113"}],"version-history":[{"count":1,"href":"https:\/\/vt-krammel.de\/index.php?rest_route=\/wp\/v2\/pages\/113\/revisions"}],"predecessor-version":[{"id":114,"href":"https:\/\/vt-krammel.de\/index.php?rest_route=\/wp\/v2\/pages\/113\/revisions\/114"}],"up":[{"embeddable":true,"href":"https:\/\/vt-krammel.de\/index.php?rest_route=\/wp\/v2\/pages\/5"}],"wp:attachment":[{"href":"https:\/\/vt-krammel.de\/index.php?rest_route=%2Fwp%2Fv2%2Fmedia&parent=113"}],"curies":[{"name":"wp","href":"https:\/\/api.w.org\/{rel}","templated":true}]}}