{"id":5,"date":"2022-08-14T22:00:35","date_gmt":"2022-08-14T22:00:35","guid":{"rendered":"https:\/\/vt-krammel.de\/?page_id=5"},"modified":"2023-01-13T19:17:53","modified_gmt":"2023-01-13T19:17:53","slug":"wilkommen-bei-vtk","status":"publish","type":"page","link":"https:\/\/vt-krammel.de\/","title":{"rendered":"Willkommen bei Veranstaltungstechnik Krammel"},"content":{"rendered":"\n<p class=\"has-medium-font-size\">VTK ist Ihr Partner f\u00fcr die Ausstattung von Events und Veranstaltungen.<\/p>\n\n\n\n<p class=\"has-medium-font-size\">F\u00fcr die verschiedensten Veranstaltungen werden Musikanlagen, Lichttechnik oder B\u00fchnenbauten ben\u00f6tigt. Hierbei sind bei jeder Lokation und jedem Einsatzzweck andere Bedingungen zu erf\u00fcllen, um das Ganze optimal zu gestalten.<\/p>\n\n\n\n<p class=\"has-medium-font-size\">Durch unser Sortiment an Ton- und Lichttechnik ist es uns m\u00f6glich Veranstaltungen bis zu 1500 Personen technisch auszustatten.<\/p>\n\n\n\n<p class=\"has-medium-font-size\">Das Leistungsspektrum reicht dabei von der Beratung bei der Konzeption \u00fcber die Gesamtplanung bis zur endg\u00fcltigen Ausstattung von Events aller Art.<\/p>\n\n\n\n<p class=\"has-medium-font-size\">Melden sie sich einfach bei uns.<\/p>\n\n\n\n<p class=\"has-medium-font-size\">Gerne erstellen wir Ihnen ein unverbindliches Angebot f\u00fcr Ihre Veranstaltung.<\/p>\n\n\n\n<p class=\"has-medium-font-size\"><\/p>\n\n\n\n<p><\/p>\n\n\n\n<p class=\"has-x-large-font-size\"><\/p>\n","protected":false},"excerpt":{"rendered":"<p>VTK ist Ihr Partner f\u00fcr die Ausstattung von Events und Veranstaltungen. F\u00fcr die verschiedensten Veranstaltungen werden Musikanlagen, Lichttechnik oder B\u00fchnenbauten ben\u00f6tigt. Hierbei sind bei jeder Lokation und jedem Einsatzzweck andere Bedingungen zu erf\u00fcllen, um das Ganze optimal zu gestalten. Durch unser Sortiment an Ton- und Lichttechnik ist es uns m\u00f6glich Veranstaltungen bis zu 1500 Personen [&hellip;]<\/p>\n","protected":false},"author":1,"featured_media":0,"parent":0,"menu_order":0,"comment_status":"closed","ping_status":"closed","template":"","meta":{"footnotes":""},"_links":{"self":[{"href":"https:\/\/vt-krammel.de\/index.php?rest_route=\/wp\/v2\/pages\/5"}],"collection":[{"href":"https:\/\/vt-krammel.de\/index.php?rest_route=\/wp\/v2\/pages"}],"about":[{"href":"https:\/\/vt-krammel.de\/index.php?rest_route=\/wp\/v2\/types\/page"}],"author":[{"embeddable":true,"href":"https:\/\/vt-krammel.de\/index.php?rest_route=\/wp\/v2\/users\/1"}],"replies":[{"embeddable":true,"href":"https:\/\/vt-krammel.de\/index.php?rest_route=%2Fwp%2Fv2%2Fcomments&post=5"}],"version-history":[{"count":22,"href":"https:\/\/vt-krammel.de\/index.php?rest_route=\/wp\/v2\/pages\/5\/revisions"}],"predecessor-version":[{"id":77,"href":"https:\/\/vt-krammel.de\/index.php?rest_route=\/wp\/v2\/pages\/5\/revisions\/77"}],"wp:attachment":[{"href":"https:\/\/vt-krammel.de\/index.php?rest_route=%2Fwp%2Fv2%2Fmedia&parent=5"}],"curies":[{"name":"wp","href":"https:\/\/api.w.org\/{rel}","templated":true}]}}